{"id":4020,"date":"2019-09-16T11:48:50","date_gmt":"2019-09-16T11:48:50","guid":{"rendered":"https:\/\/architecturezone.eu\/team\/"},"modified":"2024-11-08T09:08:26","modified_gmt":"2024-11-08T09:08:26","slug":"team","status":"publish","type":"page","link":"https:\/\/linear.archi\/fr\/team\/","title":{"rendered":"Team"},"content":{"rendered":"\t\t<div data-elementor-type=\"wp-post\" data-elementor-id=\"4020\" class=\"elementor elementor-4020\">\n\t\t\t\t\t\t<section class=\"elementor-section elementor-top-section elementor-element elementor-element-5a4ca0c elementor-section-boxed elementor-section-height-default elementor-section-height-default\" data-id=\"5a4ca0c\" data-element_type=\"section\" data-settings=\"{&quot;architecturer_ext_is_background_parallax&quot;:&quot;false&quot;,&quot;architecturer_ext_is_background_on_scroll&quot;:&quot;false&quot;}\">\n\t\t\t\t\t\t<div class=\"elementor-container elementor-column-gap-default\">\n\t\t\t\t\t<div class=\"elementor-column elementor-col-100 elementor-top-column elementor-element elementor-element-ef3ce12\" data-id=\"ef3ce12\" data-element_type=\"column\" data-settings=\"{&quot;architecturer_ext_is_mobile_menu&quot;:&quot;false&quot;,&quot;architecturer_ext_is_scrollme&quot;:&quot;false&quot;,&quot;architecturer_ext_is_smoove&quot;:&quot;false&quot;,&quot;architecturer_ext_is_parallax_mouse&quot;:&quot;false&quot;,&quot;architecturer_ext_is_infinite&quot;:&quot;false&quot;,&quot;architecturer_ext_is_fadeout_animation&quot;:&quot;false&quot;}\">\n\t\t\t<div class=\"elementor-widget-wrap elementor-element-populated\">\n\t\t\t\t\t\t<div class=\"elementor-element elementor-element-f0b1eb4 elementor-hidden-mobile elementor-widget elementor-widget-spacer\" data-id=\"f0b1eb4\" data-element_type=\"widget\" data-settings=\"{&quot;architecturer_ext_is_mobile_menu&quot;:&quot;false&quot;,&quot;architecturer_ext_is_scrollme&quot;:&quot;false&quot;,&quot;architecturer_ext_is_smoove&quot;:&quot;false&quot;,&quot;architecturer_ext_is_parallax_mouse&quot;:&quot;false&quot;,&quot;architecturer_ext_is_infinite&quot;:&quot;false&quot;,&quot;architecturer_ext_is_fadeout_animation&quot;:&quot;false&quot;}\" data-widget_type=\"spacer.default\">\n\t\t\t\t<div class=\"elementor-widget-container\">\n\t\t\t\t\t\t\t<div class=\"elementor-spacer\">\n\t\t\t<div class=\"elementor-spacer-inner\"><\/div>\n\t\t<\/div>\n\t\t\t\t\t\t<\/div>\n\t\t\t\t<\/div>\n\t\t\t\t\t<\/div>\n\t\t<\/div>\n\t\t\t\t\t<\/div>\n\t\t<\/section>\n\t\t\t\t<section class=\"elementor-section elementor-top-section elementor-element elementor-element-f509973 elementor-section-full_width elementor-section-height-default elementor-section-height-default\" data-id=\"f509973\" data-element_type=\"section\" data-settings=\"{&quot;architecturer_ext_is_background_parallax&quot;:&quot;false&quot;,&quot;architecturer_ext_is_background_on_scroll&quot;:&quot;false&quot;}\">\n\t\t\t\t\t\t<div class=\"elementor-container elementor-column-gap-default\">\n\t\t\t\t\t<div class=\"elementor-column elementor-col-50 elementor-top-column elementor-element elementor-element-7cca26e\" data-id=\"7cca26e\" data-element_type=\"column\" data-settings=\"{&quot;architecturer_ext_is_mobile_menu&quot;:&quot;false&quot;,&quot;architecturer_ext_is_scrollme&quot;:&quot;false&quot;,&quot;architecturer_ext_is_smoove&quot;:&quot;false&quot;,&quot;architecturer_ext_is_parallax_mouse&quot;:&quot;false&quot;,&quot;architecturer_ext_is_infinite&quot;:&quot;false&quot;,&quot;architecturer_ext_is_fadeout_animation&quot;:&quot;false&quot;}\">\n\t\t\t<div class=\"elementor-widget-wrap elementor-element-populated\">\n\t\t\t\t\t\t<div class=\"elementor-element elementor-element-e69a9d5 elementor-widget elementor-widget-text-editor\" data-id=\"e69a9d5\" data-element_type=\"widget\" data-settings=\"{&quot;architecturer_ext_is_mobile_menu&quot;:&quot;false&quot;,&quot;architecturer_ext_is_scrollme&quot;:&quot;false&quot;,&quot;architecturer_ext_is_smoove&quot;:&quot;false&quot;,&quot;architecturer_ext_is_parallax_mouse&quot;:&quot;false&quot;,&quot;architecturer_ext_is_infinite&quot;:&quot;false&quot;,&quot;architecturer_ext_is_fadeout_animation&quot;:&quot;false&quot;}\" data-widget_type=\"text-editor.default\">\n\t\t\t\t<div class=\"elementor-widget-container\">\n\t\t\t\t\t\t\t\t\t<p><strong>TEAM<\/strong><\/p><p>Le bureau d&rsquo;architecture LINEAR, actif en Belgique ainsi qu&rsquo;au Luxembourg, a \u00e9t\u00e9 fond\u00e9 en 2008 par Marc Linnertz et ne cesse de s\u2019agrandir.<\/p>\t\t\t\t\t\t\t\t<\/div>\n\t\t\t\t<\/div>\n\t\t\t\t<div class=\"elementor-element elementor-element-5d9435c elementor-widget elementor-widget-text-editor\" data-id=\"5d9435c\" data-element_type=\"widget\" data-settings=\"{&quot;architecturer_ext_is_mobile_menu&quot;:&quot;false&quot;,&quot;architecturer_ext_is_scrollme&quot;:&quot;false&quot;,&quot;architecturer_ext_is_smoove&quot;:&quot;false&quot;,&quot;architecturer_ext_is_parallax_mouse&quot;:&quot;false&quot;,&quot;architecturer_ext_is_infinite&quot;:&quot;false&quot;,&quot;architecturer_ext_is_fadeout_animation&quot;:&quot;false&quot;}\" data-widget_type=\"text-editor.default\">\n\t\t\t\t<div class=\"elementor-widget-container\">\n\t\t\t\t\t\t\t\t\t<p>Notre \u00e9quipe jeune et dynamique int\u00e8gre un large champ de comp\u00e9tences vous assurant des meilleurs conseils au moment de poser les choix architecturaux, techniques et \u00e9nerg\u00e9tiques. L\u2019\u00e9chelle humaine de notre structure nous permet de garantir convivialit\u00e9, proximit\u00e9 et disponibilit\u00e9 dans l\u2019exercice de notre mission.<\/p>\t\t\t\t\t\t\t\t<\/div>\n\t\t\t\t<\/div>\n\t\t\t\t\t<\/div>\n\t\t<\/div>\n\t\t\t\t<div class=\"elementor-column elementor-col-50 elementor-top-column elementor-element elementor-element-e0ec8c2\" data-id=\"e0ec8c2\" data-element_type=\"column\" data-settings=\"{&quot;architecturer_ext_is_mobile_menu&quot;:&quot;false&quot;,&quot;architecturer_ext_is_scrollme&quot;:&quot;false&quot;,&quot;architecturer_ext_is_smoove&quot;:&quot;false&quot;,&quot;architecturer_ext_is_parallax_mouse&quot;:&quot;false&quot;,&quot;architecturer_ext_is_infinite&quot;:&quot;false&quot;,&quot;architecturer_ext_is_fadeout_animation&quot;:&quot;false&quot;}\">\n\t\t\t<div class=\"elementor-widget-wrap elementor-element-populated\">\n\t\t\t\t\t\t<div class=\"elementor-element elementor-element-24ef1e8 animated-fast elementor-invisible elementor-widget elementor-widget-image\" data-id=\"24ef1e8\" data-element_type=\"widget\" data-settings=\"{&quot;_animation&quot;:&quot;fadeInUp&quot;,&quot;architecturer_image_is_animation&quot;:&quot;false&quot;,&quot;architecturer_ext_is_mobile_menu&quot;:&quot;false&quot;,&quot;architecturer_ext_is_scrollme&quot;:&quot;false&quot;,&quot;architecturer_ext_is_smoove&quot;:&quot;false&quot;,&quot;architecturer_ext_is_parallax_mouse&quot;:&quot;false&quot;,&quot;architecturer_ext_is_infinite&quot;:&quot;false&quot;,&quot;architecturer_ext_is_fadeout_animation&quot;:&quot;false&quot;}\" data-widget_type=\"image.default\">\n\t\t\t\t<div class=\"elementor-widget-container\">\n\t\t\t\t\t\t\t\t\t\t\t\t\t\t\t<img fetchpriority=\"high\" decoding=\"async\" width=\"1024\" height=\"683\" src=\"https:\/\/linear.archi\/wp-content\/uploads\/2024\/11\/Gruppenfoto24-ORIGINAL-95-compressed12-1024x683.jpg\" class=\"attachment-large size-large wp-image-6581\" alt=\"\" srcset=\"https:\/\/linear.archi\/wp-content\/uploads\/2024\/11\/Gruppenfoto24-ORIGINAL-95-compressed12-1024x683.jpg 1024w, https:\/\/linear.archi\/wp-content\/uploads\/2024\/11\/Gruppenfoto24-ORIGINAL-95-compressed12-300x200.jpg 300w, https:\/\/linear.archi\/wp-content\/uploads\/2024\/11\/Gruppenfoto24-ORIGINAL-95-compressed12-768x512.jpg 768w, https:\/\/linear.archi\/wp-content\/uploads\/2024\/11\/Gruppenfoto24-ORIGINAL-95-compressed12-1536x1024.jpg 1536w, https:\/\/linear.archi\/wp-content\/uploads\/2024\/11\/Gruppenfoto24-ORIGINAL-95-compressed12-2048x1365.jpg 2048w, https:\/\/linear.archi\/wp-content\/uploads\/2024\/11\/Gruppenfoto24-ORIGINAL-95-compressed12-700x466.jpg 700w, https:\/\/linear.archi\/wp-content\/uploads\/2024\/11\/Gruppenfoto24-ORIGINAL-95-compressed12-440x293.jpg 440w\" sizes=\"(max-width: 1024px) 100vw, 1024px\" \/>\t\t\t\t\t\t\t\t\t\t\t\t\t\t\t<\/div>\n\t\t\t\t<\/div>\n\t\t\t\t\t<\/div>\n\t\t<\/div>\n\t\t\t\t\t<\/div>\n\t\t<\/section>\n\t\t\t\t<section class=\"elementor-section elementor-top-section elementor-element elementor-element-407bd37 elementor-section-full_width elementor-section-height-default elementor-section-height-default\" data-id=\"407bd37\" data-element_type=\"section\" data-settings=\"{&quot;architecturer_ext_is_background_parallax&quot;:&quot;false&quot;,&quot;architecturer_ext_is_background_on_scroll&quot;:&quot;false&quot;}\">\n\t\t\t\t\t\t<div class=\"elementor-container elementor-column-gap-default\">\n\t\t\t\t\t<div class=\"elementor-column elementor-col-100 elementor-top-column elementor-element elementor-element-4f9fcae\" data-id=\"4f9fcae\" data-element_type=\"column\" data-settings=\"{&quot;architecturer_ext_is_mobile_menu&quot;:&quot;false&quot;,&quot;architecturer_ext_is_scrollme&quot;:&quot;false&quot;,&quot;architecturer_ext_is_smoove&quot;:&quot;false&quot;,&quot;architecturer_ext_is_parallax_mouse&quot;:&quot;false&quot;,&quot;architecturer_ext_is_infinite&quot;:&quot;false&quot;,&quot;architecturer_ext_is_fadeout_animation&quot;:&quot;false&quot;}\">\n\t\t\t<div class=\"elementor-widget-wrap elementor-element-populated\">\n\t\t\t\t\t\t<div class=\"elementor-element elementor-element-d38b0e8 elementor-widget elementor-widget-spacer\" data-id=\"d38b0e8\" data-element_type=\"widget\" data-settings=\"{&quot;architecturer_ext_is_mobile_menu&quot;:&quot;false&quot;,&quot;architecturer_ext_is_scrollme&quot;:&quot;false&quot;,&quot;architecturer_ext_is_smoove&quot;:&quot;false&quot;,&quot;architecturer_ext_is_parallax_mouse&quot;:&quot;false&quot;,&quot;architecturer_ext_is_infinite&quot;:&quot;false&quot;,&quot;architecturer_ext_is_fadeout_animation&quot;:&quot;false&quot;}\" data-widget_type=\"spacer.default\">\n\t\t\t\t<div class=\"elementor-widget-container\">\n\t\t\t\t\t\t\t<div class=\"elementor-spacer\">\n\t\t\t<div class=\"elementor-spacer-inner\"><\/div>\n\t\t<\/div>\n\t\t\t\t\t\t<\/div>\n\t\t\t\t<\/div>\n\t\t\t\t\t<\/div>\n\t\t<\/div>\n\t\t\t\t\t<\/div>\n\t\t<\/section>\n\t\t\t\t<section class=\"elementor-section elementor-top-section elementor-element elementor-element-7e9d073 elementor-section-full_width elementor-section-height-default elementor-section-height-default\" data-id=\"7e9d073\" data-element_type=\"section\" data-settings=\"{&quot;architecturer_ext_is_background_parallax&quot;:&quot;false&quot;,&quot;architecturer_ext_is_background_on_scroll&quot;:&quot;false&quot;}\">\n\t\t\t\t\t\t<div class=\"elementor-container elementor-column-gap-default\">\n\t\t\t\t\t<div class=\"elementor-column elementor-col-33 elementor-top-column elementor-element elementor-element-fdae530\" data-id=\"fdae530\" data-element_type=\"column\" data-settings=\"{&quot;architecturer_ext_is_mobile_menu&quot;:&quot;false&quot;,&quot;architecturer_ext_is_scrollme&quot;:&quot;false&quot;,&quot;architecturer_ext_is_smoove&quot;:&quot;false&quot;,&quot;architecturer_ext_is_parallax_mouse&quot;:&quot;false&quot;,&quot;architecturer_ext_is_infinite&quot;:&quot;false&quot;,&quot;architecturer_ext_is_fadeout_animation&quot;:&quot;false&quot;}\">\n\t\t\t<div class=\"elementor-widget-wrap\">\n\t\t\t\t\t\t\t<\/div>\n\t\t<\/div>\n\t\t\t\t<div class=\"elementor-column elementor-col-33 elementor-top-column elementor-element elementor-element-651e1a7\" data-id=\"651e1a7\" data-element_type=\"column\" data-settings=\"{&quot;architecturer_ext_is_mobile_menu&quot;:&quot;false&quot;,&quot;architecturer_ext_is_scrollme&quot;:&quot;false&quot;,&quot;architecturer_ext_is_smoove&quot;:&quot;false&quot;,&quot;architecturer_ext_is_parallax_mouse&quot;:&quot;false&quot;,&quot;architecturer_ext_is_infinite&quot;:&quot;false&quot;,&quot;architecturer_ext_is_fadeout_animation&quot;:&quot;false&quot;}\">\n\t\t\t<div class=\"elementor-widget-wrap\">\n\t\t\t\t\t\t\t<\/div>\n\t\t<\/div>\n\t\t\t\t<div class=\"elementor-column elementor-col-33 elementor-top-column elementor-element elementor-element-8669b87\" data-id=\"8669b87\" data-element_type=\"column\" data-settings=\"{&quot;architecturer_ext_is_mobile_menu&quot;:&quot;false&quot;,&quot;architecturer_ext_is_scrollme&quot;:&quot;false&quot;,&quot;architecturer_ext_is_smoove&quot;:&quot;false&quot;,&quot;architecturer_ext_is_parallax_mouse&quot;:&quot;false&quot;,&quot;architecturer_ext_is_infinite&quot;:&quot;false&quot;,&quot;architecturer_ext_is_fadeout_animation&quot;:&quot;false&quot;}\">\n\t\t\t<div class=\"elementor-widget-wrap\">\n\t\t\t\t\t\t\t<\/div>\n\t\t<\/div>\n\t\t\t\t\t<\/div>\n\t\t<\/section>\n\t\t\t\t<section class=\"elementor-section elementor-top-section elementor-element elementor-element-7160783 elementor-section-full_width elementor-section-height-default elementor-section-height-default\" data-id=\"7160783\" data-element_type=\"section\" data-settings=\"{&quot;architecturer_ext_is_background_parallax&quot;:&quot;false&quot;,&quot;architecturer_ext_is_background_on_scroll&quot;:&quot;false&quot;}\">\n\t\t\t\t\t\t<div class=\"elementor-container elementor-column-gap-default\">\n\t\t\t\t\t<div class=\"elementor-column elementor-col-33 elementor-top-column elementor-element elementor-element-079b8e2\" data-id=\"079b8e2\" data-element_type=\"column\" data-settings=\"{&quot;architecturer_ext_is_mobile_menu&quot;:&quot;false&quot;,&quot;architecturer_ext_is_scrollme&quot;:&quot;false&quot;,&quot;architecturer_ext_is_smoove&quot;:&quot;false&quot;,&quot;architecturer_ext_is_parallax_mouse&quot;:&quot;false&quot;,&quot;architecturer_ext_is_infinite&quot;:&quot;false&quot;,&quot;architecturer_ext_is_fadeout_animation&quot;:&quot;false&quot;}\">\n\t\t\t<div class=\"elementor-widget-wrap\">\n\t\t\t\t\t\t\t<\/div>\n\t\t<\/div>\n\t\t\t\t<div class=\"elementor-column elementor-col-33 elementor-top-column elementor-element elementor-element-6ae146d\" data-id=\"6ae146d\" data-element_type=\"column\" data-settings=\"{&quot;architecturer_ext_is_mobile_menu&quot;:&quot;false&quot;,&quot;architecturer_ext_is_scrollme&quot;:&quot;false&quot;,&quot;architecturer_ext_is_smoove&quot;:&quot;false&quot;,&quot;architecturer_ext_is_parallax_mouse&quot;:&quot;false&quot;,&quot;architecturer_ext_is_infinite&quot;:&quot;false&quot;,&quot;architecturer_ext_is_fadeout_animation&quot;:&quot;false&quot;}\">\n\t\t\t<div class=\"elementor-widget-wrap\">\n\t\t\t\t\t\t\t<\/div>\n\t\t<\/div>\n\t\t\t\t<div class=\"elementor-column elementor-col-33 elementor-top-column elementor-element elementor-element-7f4787c\" data-id=\"7f4787c\" data-element_type=\"column\" data-settings=\"{&quot;architecturer_ext_is_mobile_menu&quot;:&quot;false&quot;,&quot;architecturer_ext_is_scrollme&quot;:&quot;false&quot;,&quot;architecturer_ext_is_smoove&quot;:&quot;false&quot;,&quot;architecturer_ext_is_parallax_mouse&quot;:&quot;false&quot;,&quot;architecturer_ext_is_infinite&quot;:&quot;false&quot;,&quot;architecturer_ext_is_fadeout_animation&quot;:&quot;false&quot;}\">\n\t\t\t<div class=\"elementor-widget-wrap\">\n\t\t\t\t\t\t\t<\/div>\n\t\t<\/div>\n\t\t\t\t\t<\/div>\n\t\t<\/section>\n\t\t\t\t<section class=\"elementor-section elementor-top-section elementor-element elementor-element-114fc7b elementor-section-stretched elementor-section-full_width elementor-section-height-default elementor-section-height-default\" data-id=\"114fc7b\" data-element_type=\"section\" data-settings=\"{&quot;stretch_section&quot;:&quot;section-stretched&quot;,&quot;architecturer_ext_is_background_parallax&quot;:&quot;false&quot;,&quot;architecturer_ext_is_background_on_scroll&quot;:&quot;false&quot;}\">\n\t\t\t\t\t\t<div class=\"elementor-container elementor-column-gap-default\">\n\t\t\t\t\t<div class=\"elementor-column elementor-col-100 elementor-top-column elementor-element elementor-element-9e128ba\" data-id=\"9e128ba\" data-element_type=\"column\" data-settings=\"{&quot;architecturer_ext_is_mobile_menu&quot;:&quot;false&quot;,&quot;architecturer_ext_is_scrollme&quot;:&quot;false&quot;,&quot;architecturer_ext_is_smoove&quot;:&quot;false&quot;,&quot;architecturer_ext_is_parallax_mouse&quot;:&quot;false&quot;,&quot;architecturer_ext_is_infinite&quot;:&quot;false&quot;,&quot;architecturer_ext_is_fadeout_animation&quot;:&quot;false&quot;}\">\n\t\t\t<div class=\"elementor-widget-wrap elementor-element-populated\">\n\t\t\t\t\t\t<div class=\"elementor-element elementor-element-7300b1b elementor-widget elementor-widget-spacer\" data-id=\"7300b1b\" data-element_type=\"widget\" data-settings=\"{&quot;architecturer_ext_is_mobile_menu&quot;:&quot;false&quot;,&quot;architecturer_ext_is_scrollme&quot;:&quot;false&quot;,&quot;architecturer_ext_is_smoove&quot;:&quot;false&quot;,&quot;architecturer_ext_is_parallax_mouse&quot;:&quot;false&quot;,&quot;architecturer_ext_is_infinite&quot;:&quot;false&quot;,&quot;architecturer_ext_is_fadeout_animation&quot;:&quot;false&quot;}\" data-widget_type=\"spacer.default\">\n\t\t\t\t<div class=\"elementor-widget-container\">\n\t\t\t\t\t\t\t<div class=\"elementor-spacer\">\n\t\t\t<div class=\"elementor-spacer-inner\"><\/div>\n\t\t<\/div>\n\t\t\t\t\t\t<\/div>\n\t\t\t\t<\/div>\n\t\t\t\t\t<\/div>\n\t\t<\/div>\n\t\t\t\t\t<\/div>\n\t\t<\/section>\n\t\t\t\t<\/div>\n\t\t","protected":false},"excerpt":{"rendered":"<p>TEAM Le bureau d&rsquo;architecture LINEAR, actif en Belgique ainsi qu&rsquo;au Luxembourg, a \u00e9t\u00e9 fond\u00e9 en 2008 par Marc Linnertz et ne cesse de s\u2019agrandir. Notre \u00e9quipe jeune et dynamique int\u00e8gre un large champ de comp\u00e9tences vous assurant des meilleurs conseils [&hellip;]<\/p>\n","protected":false},"author":1,"featured_media":0,"parent":0,"menu_order":0,"comment_status":"closed","ping_status":"closed","template":"","meta":{"footnotes":""},"class_list":["post-4020","page","type-page","status-publish","hentry"],"yoast_head":"<!-- This site is optimized with the Yoast SEO plugin v27.4 - https:\/\/yoast.com\/product\/yoast-seo-wordpress\/ -->\n<title>Team - Linear Architekten<\/title>\n<meta name=\"description\" content=\"Le bureau Architecture Zone, actif en Belgique et au Luxembourg, a \u00e9t\u00e9 fond\u00e9 en 2008 par Marc Linnertz et ne cesse de s\u2019agrandir.\" \/>\n<meta name=\"robots\" content=\"index, follow, max-snippet:-1, max-image-preview:large, max-video-preview:-1\" \/>\n<link rel=\"canonical\" href=\"https:\/\/linear.archi\/fr\/team\/\" \/>\n<meta property=\"og:locale\" content=\"fr_FR\" \/>\n<meta property=\"og:type\" content=\"article\" \/>\n<meta property=\"og:title\" content=\"Team - Linear Architekten\" \/>\n<meta property=\"og:description\" content=\"Le bureau Architecture Zone, actif en Belgique et au Luxembourg, a \u00e9t\u00e9 fond\u00e9 en 2008 par Marc Linnertz et ne cesse de s\u2019agrandir.\" \/>\n<meta property=\"og:url\" content=\"https:\/\/linear.archi\/fr\/team\/\" \/>\n<meta property=\"og:site_name\" content=\"Linear Architekten\" \/>\n<meta property=\"article:modified_time\" content=\"2024-11-08T09:08:26+00:00\" \/>\n<meta property=\"og:image\" content=\"https:\/\/linear.archi\/wp-content\/uploads\/2024\/11\/Gruppenfoto24-ORIGINAL-95-compressed12-1024x683.jpg\" \/>\n<meta name=\"twitter:card\" content=\"summary_large_image\" \/>\n<meta name=\"twitter:label1\" content=\"Dur\u00e9e de lecture estim\u00e9e\" \/>\n\t<meta name=\"twitter:data1\" content=\"3 minutes\" \/>\n<script type=\"application\/ld+json\" class=\"yoast-schema-graph\">{\"@context\":\"https:\\\/\\\/schema.org\",\"@graph\":[{\"@type\":\"WebPage\",\"@id\":\"https:\\\/\\\/linear.archi\\\/fr\\\/team\\\/\",\"url\":\"https:\\\/\\\/linear.archi\\\/fr\\\/team\\\/\",\"name\":\"Team - Linear Architekten\",\"isPartOf\":{\"@id\":\"https:\\\/\\\/linear.archi\\\/fr\\\/#website\"},\"primaryImageOfPage\":{\"@id\":\"https:\\\/\\\/linear.archi\\\/fr\\\/team\\\/#primaryimage\"},\"image\":{\"@id\":\"https:\\\/\\\/linear.archi\\\/fr\\\/team\\\/#primaryimage\"},\"thumbnailUrl\":\"https:\\\/\\\/linear.archi\\\/wp-content\\\/uploads\\\/2024\\\/11\\\/Gruppenfoto24-ORIGINAL-95-compressed12-1024x683.jpg\",\"datePublished\":\"2019-09-16T11:48:50+00:00\",\"dateModified\":\"2024-11-08T09:08:26+00:00\",\"description\":\"Le bureau Architecture Zone, actif en Belgique et au Luxembourg, a \u00e9t\u00e9 fond\u00e9 en 2008 par Marc Linnertz et ne cesse de s\u2019agrandir.\",\"breadcrumb\":{\"@id\":\"https:\\\/\\\/linear.archi\\\/fr\\\/team\\\/#breadcrumb\"},\"inLanguage\":\"fr-FR\",\"potentialAction\":[{\"@type\":\"ReadAction\",\"target\":[\"https:\\\/\\\/linear.archi\\\/fr\\\/team\\\/\"]}]},{\"@type\":\"ImageObject\",\"inLanguage\":\"fr-FR\",\"@id\":\"https:\\\/\\\/linear.archi\\\/fr\\\/team\\\/#primaryimage\",\"url\":\"https:\\\/\\\/linear.archi\\\/wp-content\\\/uploads\\\/2024\\\/11\\\/Gruppenfoto24-ORIGINAL-95-compressed12-1024x683.jpg\",\"contentUrl\":\"https:\\\/\\\/linear.archi\\\/wp-content\\\/uploads\\\/2024\\\/11\\\/Gruppenfoto24-ORIGINAL-95-compressed12-1024x683.jpg\"},{\"@type\":\"BreadcrumbList\",\"@id\":\"https:\\\/\\\/linear.archi\\\/fr\\\/team\\\/#breadcrumb\",\"itemListElement\":[{\"@type\":\"ListItem\",\"position\":1,\"name\":\"Startseite\",\"item\":\"https:\\\/\\\/linear.archi\\\/fr\\\/\"},{\"@type\":\"ListItem\",\"position\":2,\"name\":\"Team\"}]},{\"@type\":\"WebSite\",\"@id\":\"https:\\\/\\\/linear.archi\\\/fr\\\/#website\",\"url\":\"https:\\\/\\\/linear.archi\\\/fr\\\/\",\"name\":\"Linear Architekten\",\"description\":\"Belgien &amp; Luxemburg\",\"potentialAction\":[{\"@type\":\"SearchAction\",\"target\":{\"@type\":\"EntryPoint\",\"urlTemplate\":\"https:\\\/\\\/linear.archi\\\/fr\\\/?s={search_term_string}\"},\"query-input\":{\"@type\":\"PropertyValueSpecification\",\"valueRequired\":true,\"valueName\":\"search_term_string\"}}],\"inLanguage\":\"fr-FR\"}]}<\/script>\n<!-- \/ Yoast SEO plugin. -->","yoast_head_json":{"title":"Team - Linear Architekten","description":"Le bureau Architecture Zone, actif en Belgique et au Luxembourg, a \u00e9t\u00e9 fond\u00e9 en 2008 par Marc Linnertz et ne cesse de s\u2019agrandir.","robots":{"index":"index","follow":"follow","max-snippet":"max-snippet:-1","max-image-preview":"max-image-preview:large","max-video-preview":"max-video-preview:-1"},"canonical":"https:\/\/linear.archi\/fr\/team\/","og_locale":"fr_FR","og_type":"article","og_title":"Team - Linear Architekten","og_description":"Le bureau Architecture Zone, actif en Belgique et au Luxembourg, a \u00e9t\u00e9 fond\u00e9 en 2008 par Marc Linnertz et ne cesse de s\u2019agrandir.","og_url":"https:\/\/linear.archi\/fr\/team\/","og_site_name":"Linear Architekten","article_modified_time":"2024-11-08T09:08:26+00:00","og_image":[{"url":"https:\/\/linear.archi\/wp-content\/uploads\/2024\/11\/Gruppenfoto24-ORIGINAL-95-compressed12-1024x683.jpg","type":"","width":"","height":""}],"twitter_card":"summary_large_image","twitter_misc":{"Dur\u00e9e de lecture estim\u00e9e":"3 minutes"},"schema":{"@context":"https:\/\/schema.org","@graph":[{"@type":"WebPage","@id":"https:\/\/linear.archi\/fr\/team\/","url":"https:\/\/linear.archi\/fr\/team\/","name":"Team - Linear Architekten","isPartOf":{"@id":"https:\/\/linear.archi\/fr\/#website"},"primaryImageOfPage":{"@id":"https:\/\/linear.archi\/fr\/team\/#primaryimage"},"image":{"@id":"https:\/\/linear.archi\/fr\/team\/#primaryimage"},"thumbnailUrl":"https:\/\/linear.archi\/wp-content\/uploads\/2024\/11\/Gruppenfoto24-ORIGINAL-95-compressed12-1024x683.jpg","datePublished":"2019-09-16T11:48:50+00:00","dateModified":"2024-11-08T09:08:26+00:00","description":"Le bureau Architecture Zone, actif en Belgique et au Luxembourg, a \u00e9t\u00e9 fond\u00e9 en 2008 par Marc Linnertz et ne cesse de s\u2019agrandir.","breadcrumb":{"@id":"https:\/\/linear.archi\/fr\/team\/#breadcrumb"},"inLanguage":"fr-FR","potentialAction":[{"@type":"ReadAction","target":["https:\/\/linear.archi\/fr\/team\/"]}]},{"@type":"ImageObject","inLanguage":"fr-FR","@id":"https:\/\/linear.archi\/fr\/team\/#primaryimage","url":"https:\/\/linear.archi\/wp-content\/uploads\/2024\/11\/Gruppenfoto24-ORIGINAL-95-compressed12-1024x683.jpg","contentUrl":"https:\/\/linear.archi\/wp-content\/uploads\/2024\/11\/Gruppenfoto24-ORIGINAL-95-compressed12-1024x683.jpg"},{"@type":"BreadcrumbList","@id":"https:\/\/linear.archi\/fr\/team\/#breadcrumb","itemListElement":[{"@type":"ListItem","position":1,"name":"Startseite","item":"https:\/\/linear.archi\/fr\/"},{"@type":"ListItem","position":2,"name":"Team"}]},{"@type":"WebSite","@id":"https:\/\/linear.archi\/fr\/#website","url":"https:\/\/linear.archi\/fr\/","name":"Linear Architekten","description":"Belgien &amp; Luxemburg","potentialAction":[{"@type":"SearchAction","target":{"@type":"EntryPoint","urlTemplate":"https:\/\/linear.archi\/fr\/?s={search_term_string}"},"query-input":{"@type":"PropertyValueSpecification","valueRequired":true,"valueName":"search_term_string"}}],"inLanguage":"fr-FR"}]}},"_links":{"self":[{"href":"https:\/\/linear.archi\/fr\/wp-json\/wp\/v2\/pages\/4020","targetHints":{"allow":["GET"]}}],"collection":[{"href":"https:\/\/linear.archi\/fr\/wp-json\/wp\/v2\/pages"}],"about":[{"href":"https:\/\/linear.archi\/fr\/wp-json\/wp\/v2\/types\/page"}],"author":[{"embeddable":true,"href":"https:\/\/linear.archi\/fr\/wp-json\/wp\/v2\/users\/1"}],"replies":[{"embeddable":true,"href":"https:\/\/linear.archi\/fr\/wp-json\/wp\/v2\/comments?post=4020"}],"version-history":[{"count":153,"href":"https:\/\/linear.archi\/fr\/wp-json\/wp\/v2\/pages\/4020\/revisions"}],"predecessor-version":[{"id":6648,"href":"https:\/\/linear.archi\/fr\/wp-json\/wp\/v2\/pages\/4020\/revisions\/6648"}],"wp:attachment":[{"href":"https:\/\/linear.archi\/fr\/wp-json\/wp\/v2\/media?parent=4020"}],"curies":[{"name":"wp","href":"https:\/\/api.w.org\/{rel}","templated":true}]}}