{"id":4044,"date":"2019-09-16T12:09:10","date_gmt":"2019-09-16T12:09:10","guid":{"rendered":"https:\/\/architecturezone.eu\/projets\/architecture-dinterieur\/"},"modified":"2024-09-12T08:53:41","modified_gmt":"2024-09-12T08:53:41","slug":"architecture-dinterieur","status":"publish","type":"page","link":"https:\/\/linear.archi\/fr\/projets\/architecture-dinterieur\/","title":{"rendered":"Architecture d&rsquo;int\u00e9rieur"},"content":{"rendered":"\t\t<div data-elementor-type=\"wp-post\" data-elementor-id=\"4044\" class=\"elementor elementor-4044\">\n\t\t\t\t\t\t<section class=\"elementor-section elementor-top-section elementor-element elementor-element-c2cb298 elementor-section-boxed elementor-section-height-default elementor-section-height-default\" data-id=\"c2cb298\" data-element_type=\"section\" data-settings=\"{&quot;architecturer_ext_is_background_parallax&quot;:&quot;false&quot;,&quot;architecturer_ext_is_background_on_scroll&quot;:&quot;false&quot;}\">\n\t\t\t\t\t\t<div class=\"elementor-container elementor-column-gap-default\">\n\t\t\t\t\t<div class=\"elementor-column elementor-col-100 elementor-top-column elementor-element elementor-element-7a5616b\" data-id=\"7a5616b\" data-element_type=\"column\" data-settings=\"{&quot;architecturer_ext_is_mobile_menu&quot;:&quot;false&quot;,&quot;architecturer_ext_is_scrollme&quot;:&quot;false&quot;,&quot;architecturer_ext_is_smoove&quot;:&quot;false&quot;,&quot;architecturer_ext_is_parallax_mouse&quot;:&quot;false&quot;,&quot;architecturer_ext_is_infinite&quot;:&quot;false&quot;,&quot;architecturer_ext_is_fadeout_animation&quot;:&quot;false&quot;}\">\n\t\t\t<div class=\"elementor-widget-wrap elementor-element-populated\">\n\t\t\t\t\t\t<div class=\"elementor-element elementor-element-1c713d3 animated-fast elementor-invisible elementor-widget elementor-widget-text-editor\" data-id=\"1c713d3\" data-element_type=\"widget\" data-settings=\"{&quot;_animation&quot;:&quot;fadeInUp&quot;,&quot;architecturer_ext_is_mobile_menu&quot;:&quot;false&quot;,&quot;architecturer_ext_is_scrollme&quot;:&quot;false&quot;,&quot;architecturer_ext_is_smoove&quot;:&quot;false&quot;,&quot;architecturer_ext_is_parallax_mouse&quot;:&quot;false&quot;,&quot;architecturer_ext_is_infinite&quot;:&quot;false&quot;,&quot;architecturer_ext_is_fadeout_animation&quot;:&quot;false&quot;}\" data-widget_type=\"text-editor.default\">\n\t\t\t\t<div class=\"elementor-widget-container\">\n\t\t\t\t\t\t\t\t\t<p>Architecture d&rsquo;int\u00e9rieur<\/p>\n\t\t\t\t\t\t\t\t<\/div>\n\t\t\t\t<\/div>\n\t\t\t\t\t<\/div>\n\t\t<\/div>\n\t\t\t\t\t<\/div>\n\t\t<\/section>\n\t\t\t\t<section class=\"elementor-section elementor-top-section elementor-element elementor-element-e31674f elementor-section-full_width elementor-section-stretched elementor-section-height-default elementor-section-height-default\" data-id=\"e31674f\" data-element_type=\"section\" data-settings=\"{&quot;stretch_section&quot;:&quot;section-stretched&quot;,&quot;architecturer_ext_is_background_parallax&quot;:&quot;false&quot;,&quot;architecturer_ext_is_background_on_scroll&quot;:&quot;false&quot;}\">\n\t\t\t\t\t\t<div class=\"elementor-container elementor-column-gap-narrow\">\n\t\t\t\t\t<div class=\"elementor-column elementor-col-33 elementor-top-column elementor-element elementor-element-3bd8a62\" data-id=\"3bd8a62\" data-element_type=\"column\" data-settings=\"{&quot;architecturer_ext_is_mobile_menu&quot;:&quot;false&quot;,&quot;architecturer_ext_is_scrollme&quot;:&quot;false&quot;,&quot;architecturer_ext_is_smoove&quot;:&quot;false&quot;,&quot;architecturer_ext_is_parallax_mouse&quot;:&quot;false&quot;,&quot;architecturer_ext_is_infinite&quot;:&quot;false&quot;,&quot;architecturer_ext_is_fadeout_animation&quot;:&quot;false&quot;}\">\n\t\t\t<div class=\"elementor-widget-wrap elementor-element-populated\">\n\t\t\t\t\t\t<div class=\"elementor-element elementor-element-3b7318f animated-fast elementor-invisible elementor-widget elementor-widget-architecturer-portfolio-grid\" data-id=\"3b7318f\" data-element_type=\"widget\" data-settings=\"{&quot;_animation&quot;:&quot;fadeIn&quot;,&quot;_animation_delay&quot;:600,&quot;architecturer_ext_is_mobile_menu&quot;:&quot;false&quot;,&quot;architecturer_ext_is_scrollme&quot;:&quot;false&quot;,&quot;architecturer_ext_is_smoove&quot;:&quot;false&quot;,&quot;architecturer_ext_is_parallax_mouse&quot;:&quot;false&quot;,&quot;architecturer_ext_is_infinite&quot;:&quot;false&quot;,&quot;architecturer_ext_is_fadeout_animation&quot;:&quot;false&quot;}\" data-widget_type=\"architecturer-portfolio-grid.default\">\n\t\t\t\t<div class=\"elementor-widget-container\">\n\t\t\t\t\t<div class=\"portfolio_grid_container\">\n<div class=\"portfolio_grid_content_wrapper portfolio_grid layout_tg_one_col \" data-cols=\"1\">\n\t\t<div class=\"portfolio_grid_wrapper tg_one_col last  portfolio-1 tile scale-anm  all no_filter\" >\n\t\t\t<img decoding=\"async\" src=\"https:\/\/linear.archi\/wp-content\/uploads\/2019\/09\/Architecturezone-ref-innenarchitektur-famr-700x466.jpg\" alt=\"\" \/>\n\n\t\t\t<figcaption>\n\t\t\t\t<h3 class=\"portfolio_grid_title\">Fa.Mr<\/h3>\n\t\t\t\t<div class=\"portfolio_grid_subtitle\"><\/div>\n\t\t\t<\/figcaption>\n\t\t\t\n\t\t\t<a rel=\"noopener noreferrer\" href=\"https:\/\/linear.archi\/fr\/projets\/architecture-dinterieur\/fa-mr\/\"  ><\/a>\n\t\t<\/div>\n<br class=\"clear\"\/>\n<\/div>\n<\/div>\t\t\t\t<\/div>\n\t\t\t\t<\/div>\n\t\t\t\t\t<\/div>\n\t\t<\/div>\n\t\t\t\t<div class=\"elementor-column elementor-col-33 elementor-top-column elementor-element elementor-element-e5fcfa4\" data-id=\"e5fcfa4\" data-element_type=\"column\" data-settings=\"{&quot;architecturer_ext_is_mobile_menu&quot;:&quot;false&quot;,&quot;architecturer_ext_is_scrollme&quot;:&quot;false&quot;,&quot;architecturer_ext_is_smoove&quot;:&quot;false&quot;,&quot;architecturer_ext_is_parallax_mouse&quot;:&quot;false&quot;,&quot;architecturer_ext_is_infinite&quot;:&quot;false&quot;,&quot;architecturer_ext_is_fadeout_animation&quot;:&quot;false&quot;}\">\n\t\t\t<div class=\"elementor-widget-wrap elementor-element-populated\">\n\t\t\t\t\t\t<div class=\"elementor-element elementor-element-2481a42 animated-fast elementor-invisible elementor-widget elementor-widget-architecturer-portfolio-grid\" data-id=\"2481a42\" data-element_type=\"widget\" data-settings=\"{&quot;_animation&quot;:&quot;fadeIn&quot;,&quot;_animation_delay&quot;:600,&quot;architecturer_ext_is_mobile_menu&quot;:&quot;false&quot;,&quot;architecturer_ext_is_scrollme&quot;:&quot;false&quot;,&quot;architecturer_ext_is_smoove&quot;:&quot;false&quot;,&quot;architecturer_ext_is_parallax_mouse&quot;:&quot;false&quot;,&quot;architecturer_ext_is_infinite&quot;:&quot;false&quot;,&quot;architecturer_ext_is_fadeout_animation&quot;:&quot;false&quot;}\" data-widget_type=\"architecturer-portfolio-grid.default\">\n\t\t\t\t<div class=\"elementor-widget-container\">\n\t\t\t\t\t<div class=\"portfolio_grid_container\">\n<div class=\"portfolio_grid_content_wrapper portfolio_grid layout_tg_one_col \" data-cols=\"1\">\n\t\t<div class=\"portfolio_grid_wrapper tg_one_col last  portfolio-1 tile scale-anm  all no_filter\" >\n\t\t\t<img decoding=\"async\" src=\"https:\/\/linear.archi\/wp-content\/uploads\/2019\/09\/Architecturezone-ref-innenarchitektur-ho-go1-700x466.jpg\" alt=\"\" \/>\n\n\t\t\t<figcaption>\n\t\t\t\t<h3 class=\"portfolio_grid_title\">Ho.Go<\/h3>\n\t\t\t\t<div class=\"portfolio_grid_subtitle\"><\/div>\n\t\t\t<\/figcaption>\n\t\t\t\n\t\t\t<a rel=\"noopener noreferrer\" href=\"https:\/\/linear.archi\/fr\/projets\/architecture-dinterieur\/ho-go\/\"  ><\/a>\n\t\t<\/div>\n<br class=\"clear\"\/>\n<\/div>\n<\/div>\t\t\t\t<\/div>\n\t\t\t\t<\/div>\n\t\t\t\t\t<\/div>\n\t\t<\/div>\n\t\t\t\t<div class=\"elementor-column elementor-col-33 elementor-top-column elementor-element elementor-element-c34caa1\" data-id=\"c34caa1\" data-element_type=\"column\" data-settings=\"{&quot;architecturer_ext_is_mobile_menu&quot;:&quot;false&quot;,&quot;architecturer_ext_is_scrollme&quot;:&quot;false&quot;,&quot;architecturer_ext_is_smoove&quot;:&quot;false&quot;,&quot;architecturer_ext_is_parallax_mouse&quot;:&quot;false&quot;,&quot;architecturer_ext_is_infinite&quot;:&quot;false&quot;,&quot;architecturer_ext_is_fadeout_animation&quot;:&quot;false&quot;}\">\n\t\t\t<div class=\"elementor-widget-wrap elementor-element-populated\">\n\t\t\t\t\t\t<div class=\"elementor-element elementor-element-0160473 animated-fast elementor-invisible elementor-widget elementor-widget-architecturer-portfolio-grid\" data-id=\"0160473\" data-element_type=\"widget\" data-settings=\"{&quot;_animation&quot;:&quot;fadeIn&quot;,&quot;_animation_delay&quot;:600,&quot;architecturer_ext_is_mobile_menu&quot;:&quot;false&quot;,&quot;architecturer_ext_is_scrollme&quot;:&quot;false&quot;,&quot;architecturer_ext_is_smoove&quot;:&quot;false&quot;,&quot;architecturer_ext_is_parallax_mouse&quot;:&quot;false&quot;,&quot;architecturer_ext_is_infinite&quot;:&quot;false&quot;,&quot;architecturer_ext_is_fadeout_animation&quot;:&quot;false&quot;}\" data-widget_type=\"architecturer-portfolio-grid.default\">\n\t\t\t\t<div class=\"elementor-widget-container\">\n\t\t\t\t\t<div class=\"portfolio_grid_container\">\n<div class=\"portfolio_grid_content_wrapper portfolio_grid layout_tg_one_col \" data-cols=\"1\">\n\t\t<div class=\"portfolio_grid_wrapper tg_one_col last  portfolio-1 tile scale-anm  all no_filter\" >\n\t\t\t<img decoding=\"async\" src=\"https:\/\/linear.archi\/wp-content\/uploads\/2019\/09\/Architecturezone-ref-innenarchitektur-ke-pa1-700x466.jpg\" alt=\"\" \/>\n\n\t\t\t<figcaption>\n\t\t\t\t<h3 class=\"portfolio_grid_title\">Ke.Pa<\/h3>\n\t\t\t\t<div class=\"portfolio_grid_subtitle\"><\/div>\n\t\t\t<\/figcaption>\n\t\t\t\n\t\t\t<a rel=\"noopener noreferrer\" href=\"https:\/\/linear.archi\/fr\/projets\/architecture-dinterieur\/ke-pa\/\"  ><\/a>\n\t\t<\/div>\n<br class=\"clear\"\/>\n<\/div>\n<\/div>\t\t\t\t<\/div>\n\t\t\t\t<\/div>\n\t\t\t\t\t<\/div>\n\t\t<\/div>\n\t\t\t\t\t<\/div>\n\t\t<\/section>\n\t\t\t\t<section class=\"elementor-section elementor-top-section elementor-element elementor-element-13b7f99 elementor-section-full_width elementor-section-stretched elementor-section-height-default elementor-section-height-default\" data-id=\"13b7f99\" data-element_type=\"section\" data-settings=\"{&quot;stretch_section&quot;:&quot;section-stretched&quot;,&quot;architecturer_ext_is_background_parallax&quot;:&quot;false&quot;,&quot;architecturer_ext_is_background_on_scroll&quot;:&quot;false&quot;}\">\n\t\t\t\t\t\t<div class=\"elementor-container elementor-column-gap-narrow\">\n\t\t\t\t\t<div class=\"elementor-column elementor-col-33 elementor-top-column elementor-element elementor-element-10063d2\" data-id=\"10063d2\" data-element_type=\"column\" data-settings=\"{&quot;architecturer_ext_is_mobile_menu&quot;:&quot;false&quot;,&quot;architecturer_ext_is_scrollme&quot;:&quot;false&quot;,&quot;architecturer_ext_is_smoove&quot;:&quot;false&quot;,&quot;architecturer_ext_is_parallax_mouse&quot;:&quot;false&quot;,&quot;architecturer_ext_is_infinite&quot;:&quot;false&quot;,&quot;architecturer_ext_is_fadeout_animation&quot;:&quot;false&quot;}\">\n\t\t\t<div class=\"elementor-widget-wrap elementor-element-populated\">\n\t\t\t\t\t\t<div class=\"elementor-element elementor-element-4c075b4 animated-fast elementor-invisible elementor-widget elementor-widget-architecturer-portfolio-grid\" data-id=\"4c075b4\" data-element_type=\"widget\" data-settings=\"{&quot;_animation&quot;:&quot;fadeIn&quot;,&quot;_animation_delay&quot;:600,&quot;architecturer_ext_is_mobile_menu&quot;:&quot;false&quot;,&quot;architecturer_ext_is_scrollme&quot;:&quot;false&quot;,&quot;architecturer_ext_is_smoove&quot;:&quot;false&quot;,&quot;architecturer_ext_is_parallax_mouse&quot;:&quot;false&quot;,&quot;architecturer_ext_is_infinite&quot;:&quot;false&quot;,&quot;architecturer_ext_is_fadeout_animation&quot;:&quot;false&quot;}\" data-widget_type=\"architecturer-portfolio-grid.default\">\n\t\t\t\t<div class=\"elementor-widget-container\">\n\t\t\t\t\t<div class=\"portfolio_grid_container\">\n<div class=\"portfolio_grid_content_wrapper portfolio_grid layout_tg_one_col \" data-cols=\"1\">\n\t\t<div class=\"portfolio_grid_wrapper tg_one_col last  portfolio-1 tile scale-anm  all no_filter\" >\n\t\t\t<img decoding=\"async\" src=\"https:\/\/linear.archi\/wp-content\/uploads\/2019\/09\/Architecturezone-ref-innenarchitektur-ma-la2-700x466.jpg\" alt=\"\" \/>\n\n\t\t\t<figcaption>\n\t\t\t\t<h3 class=\"portfolio_grid_title\">Ma.La<\/h3>\n\t\t\t\t<div class=\"portfolio_grid_subtitle\"><\/div>\n\t\t\t<\/figcaption>\n\t\t\t\n\t\t\t<a rel=\"noopener noreferrer\" href=\"https:\/\/linear.archi\/fr\/projets\/architecture-dinterieur\/ma-la\/\"  ><\/a>\n\t\t<\/div>\n<br class=\"clear\"\/>\n<\/div>\n<\/div>\t\t\t\t<\/div>\n\t\t\t\t<\/div>\n\t\t\t\t\t<\/div>\n\t\t<\/div>\n\t\t\t\t<div class=\"elementor-column elementor-col-33 elementor-top-column elementor-element elementor-element-d1ecf7f\" data-id=\"d1ecf7f\" data-element_type=\"column\" data-settings=\"{&quot;architecturer_ext_is_mobile_menu&quot;:&quot;false&quot;,&quot;architecturer_ext_is_scrollme&quot;:&quot;false&quot;,&quot;architecturer_ext_is_smoove&quot;:&quot;false&quot;,&quot;architecturer_ext_is_parallax_mouse&quot;:&quot;false&quot;,&quot;architecturer_ext_is_infinite&quot;:&quot;false&quot;,&quot;architecturer_ext_is_fadeout_animation&quot;:&quot;false&quot;}\">\n\t\t\t<div class=\"elementor-widget-wrap elementor-element-populated\">\n\t\t\t\t\t\t<div class=\"elementor-element elementor-element-614ffe7 animated-fast elementor-invisible elementor-widget elementor-widget-architecturer-portfolio-grid\" data-id=\"614ffe7\" data-element_type=\"widget\" data-settings=\"{&quot;_animation&quot;:&quot;fadeIn&quot;,&quot;_animation_delay&quot;:600,&quot;architecturer_ext_is_mobile_menu&quot;:&quot;false&quot;,&quot;architecturer_ext_is_scrollme&quot;:&quot;false&quot;,&quot;architecturer_ext_is_smoove&quot;:&quot;false&quot;,&quot;architecturer_ext_is_parallax_mouse&quot;:&quot;false&quot;,&quot;architecturer_ext_is_infinite&quot;:&quot;false&quot;,&quot;architecturer_ext_is_fadeout_animation&quot;:&quot;false&quot;}\" data-widget_type=\"architecturer-portfolio-grid.default\">\n\t\t\t\t<div class=\"elementor-widget-container\">\n\t\t\t\t\t<div class=\"portfolio_grid_container\">\n<div class=\"portfolio_grid_content_wrapper portfolio_grid layout_tg_one_col \" data-cols=\"1\">\n\t\t<div class=\"portfolio_grid_wrapper tg_one_col last  portfolio-1 tile scale-anm  all no_filter\" >\n\t\t\t<img decoding=\"async\" src=\"https:\/\/linear.archi\/wp-content\/uploads\/2019\/09\/Architecturezone-ref-innenarchitektur-sc-r2-700x466.jpg\" alt=\"\" \/>\n\n\t\t\t<figcaption>\n\t\t\t\t<h3 class=\"portfolio_grid_title\">Sc.R<\/h3>\n\t\t\t\t<div class=\"portfolio_grid_subtitle\"><\/div>\n\t\t\t<\/figcaption>\n\t\t\t\n\t\t\t<a rel=\"noopener noreferrer\" href=\"https:\/\/linear.archi\/fr\/projets\/architecture-dinterieur\/sc-r\/\"  ><\/a>\n\t\t<\/div>\n<br class=\"clear\"\/>\n<\/div>\n<\/div>\t\t\t\t<\/div>\n\t\t\t\t<\/div>\n\t\t\t\t\t<\/div>\n\t\t<\/div>\n\t\t\t\t<div class=\"elementor-column elementor-col-33 elementor-top-column elementor-element elementor-element-99449be\" data-id=\"99449be\" data-element_type=\"column\" data-settings=\"{&quot;architecturer_ext_is_mobile_menu&quot;:&quot;false&quot;,&quot;architecturer_ext_is_scrollme&quot;:&quot;false&quot;,&quot;architecturer_ext_is_smoove&quot;:&quot;false&quot;,&quot;architecturer_ext_is_parallax_mouse&quot;:&quot;false&quot;,&quot;architecturer_ext_is_infinite&quot;:&quot;false&quot;,&quot;architecturer_ext_is_fadeout_animation&quot;:&quot;false&quot;}\">\n\t\t\t<div class=\"elementor-widget-wrap\">\n\t\t\t\t\t\t\t<\/div>\n\t\t<\/div>\n\t\t\t\t\t<\/div>\n\t\t<\/section>\n\t\t\t\t<section class=\"elementor-section elementor-top-section elementor-element elementor-element-24ecd68 elementor-section-stretched elementor-section-full_width elementor-section-height-default elementor-section-height-default\" data-id=\"24ecd68\" data-element_type=\"section\" data-settings=\"{&quot;stretch_section&quot;:&quot;section-stretched&quot;,&quot;architecturer_ext_is_background_parallax&quot;:&quot;false&quot;,&quot;architecturer_ext_is_background_on_scroll&quot;:&quot;false&quot;}\">\n\t\t\t\t\t\t<div class=\"elementor-container elementor-column-gap-default\">\n\t\t\t\t\t<div class=\"elementor-column elementor-col-100 elementor-top-column elementor-element elementor-element-e7f9441\" data-id=\"e7f9441\" data-element_type=\"column\" data-settings=\"{&quot;architecturer_ext_is_mobile_menu&quot;:&quot;false&quot;,&quot;architecturer_ext_is_scrollme&quot;:&quot;false&quot;,&quot;architecturer_ext_is_smoove&quot;:&quot;false&quot;,&quot;architecturer_ext_is_parallax_mouse&quot;:&quot;false&quot;,&quot;architecturer_ext_is_infinite&quot;:&quot;false&quot;,&quot;architecturer_ext_is_fadeout_animation&quot;:&quot;false&quot;}\">\n\t\t\t<div class=\"elementor-widget-wrap elementor-element-populated\">\n\t\t\t\t\t\t<div class=\"elementor-element elementor-element-8b04dee elementor-widget elementor-widget-spacer\" data-id=\"8b04dee\" data-element_type=\"widget\" data-settings=\"{&quot;architecturer_ext_is_mobile_menu&quot;:&quot;false&quot;,&quot;architecturer_ext_is_scrollme&quot;:&quot;false&quot;,&quot;architecturer_ext_is_smoove&quot;:&quot;false&quot;,&quot;architecturer_ext_is_parallax_mouse&quot;:&quot;false&quot;,&quot;architecturer_ext_is_infinite&quot;:&quot;false&quot;,&quot;architecturer_ext_is_fadeout_animation&quot;:&quot;false&quot;}\" data-widget_type=\"spacer.default\">\n\t\t\t\t<div class=\"elementor-widget-container\">\n\t\t\t\t\t\t\t<div class=\"elementor-spacer\">\n\t\t\t<div class=\"elementor-spacer-inner\"><\/div>\n\t\t<\/div>\n\t\t\t\t\t\t<\/div>\n\t\t\t\t<\/div>\n\t\t\t\t\t<\/div>\n\t\t<\/div>\n\t\t\t\t\t<\/div>\n\t\t<\/section>\n\t\t\t\t<\/div>\n\t\t","protected":false},"excerpt":{"rendered":"<p>Architecture d&rsquo;int\u00e9rieur Fa.Mr Ho.Go Ke.Pa Ma.La Sc.R<\/p>\n","protected":false},"author":1,"featured_media":0,"parent":4026,"menu_order":0,"comment_status":"closed","ping_status":"closed","template":"","meta":{"footnotes":""},"class_list":["post-4044","page","type-page","status-publish","hentry"],"yoast_head":"<!-- This site is optimized with the Yoast SEO plugin v27.4 - https:\/\/yoast.com\/product\/yoast-seo-wordpress\/ -->\n<title>Architecture d&#039;int\u00e9rieur - Linear Architekten<\/title>\n<meta name=\"description\" content=\"Architecture Zone, votre partenaire pour l&#039;am\u00e9nagement int\u00e9rieur de vos maisons de A \u00e0 Z pour l&#039;Est de la Belgique et le Luxembourg.\" \/>\n<meta name=\"robots\" content=\"index, follow, max-snippet:-1, max-image-preview:large, max-video-preview:-1\" \/>\n<link rel=\"canonical\" href=\"https:\/\/linear.archi\/fr\/projets\/architecture-dinterieur\/\" \/>\n<meta property=\"og:locale\" content=\"fr_FR\" \/>\n<meta property=\"og:type\" content=\"article\" \/>\n<meta property=\"og:title\" content=\"Architecture d&#039;int\u00e9rieur - Linear Architekten\" \/>\n<meta property=\"og:description\" content=\"Architecture Zone, votre partenaire pour l&#039;am\u00e9nagement int\u00e9rieur de vos maisons de A \u00e0 Z pour l&#039;Est de la Belgique et le Luxembourg.\" \/>\n<meta property=\"og:url\" content=\"https:\/\/linear.archi\/fr\/projets\/architecture-dinterieur\/\" \/>\n<meta property=\"og:site_name\" content=\"Linear Architekten\" \/>\n<meta property=\"article:modified_time\" content=\"2024-09-12T08:53:41+00:00\" \/>\n<meta property=\"og:image\" content=\"https:\/\/linear.archi\/wp-content\/uploads\/2019\/09\/Architecturezone-ref-innenarchitektur-famr-700x466.jpg\" \/>\n<meta name=\"twitter:card\" content=\"summary_large_image\" \/>\n<meta name=\"twitter:label1\" content=\"Dur\u00e9e de lecture estim\u00e9e\" \/>\n\t<meta name=\"twitter:data1\" content=\"2 minutes\" \/>\n<script type=\"application\/ld+json\" class=\"yoast-schema-graph\">{\"@context\":\"https:\\\/\\\/schema.org\",\"@graph\":[{\"@type\":\"WebPage\",\"@id\":\"https:\\\/\\\/linear.archi\\\/fr\\\/projets\\\/architecture-dinterieur\\\/\",\"url\":\"https:\\\/\\\/linear.archi\\\/fr\\\/projets\\\/architecture-dinterieur\\\/\",\"name\":\"Architecture d'int\u00e9rieur - Linear Architekten\",\"isPartOf\":{\"@id\":\"https:\\\/\\\/linear.archi\\\/fr\\\/#website\"},\"primaryImageOfPage\":{\"@id\":\"https:\\\/\\\/linear.archi\\\/fr\\\/projets\\\/architecture-dinterieur\\\/#primaryimage\"},\"image\":{\"@id\":\"https:\\\/\\\/linear.archi\\\/fr\\\/projets\\\/architecture-dinterieur\\\/#primaryimage\"},\"thumbnailUrl\":\"https:\\\/\\\/linear.archi\\\/wp-content\\\/uploads\\\/2019\\\/09\\\/Architecturezone-ref-innenarchitektur-famr-700x466.jpg\",\"datePublished\":\"2019-09-16T12:09:10+00:00\",\"dateModified\":\"2024-09-12T08:53:41+00:00\",\"description\":\"Architecture Zone, votre partenaire pour l'am\u00e9nagement int\u00e9rieur de vos maisons de A \u00e0 Z pour l'Est de la Belgique et le Luxembourg.\",\"breadcrumb\":{\"@id\":\"https:\\\/\\\/linear.archi\\\/fr\\\/projets\\\/architecture-dinterieur\\\/#breadcrumb\"},\"inLanguage\":\"fr-FR\",\"potentialAction\":[{\"@type\":\"ReadAction\",\"target\":[\"https:\\\/\\\/linear.archi\\\/fr\\\/projets\\\/architecture-dinterieur\\\/\"]}]},{\"@type\":\"ImageObject\",\"inLanguage\":\"fr-FR\",\"@id\":\"https:\\\/\\\/linear.archi\\\/fr\\\/projets\\\/architecture-dinterieur\\\/#primaryimage\",\"url\":\"https:\\\/\\\/linear.archi\\\/wp-content\\\/uploads\\\/2019\\\/09\\\/Architecturezone-ref-innenarchitektur-famr-700x466.jpg\",\"contentUrl\":\"https:\\\/\\\/linear.archi\\\/wp-content\\\/uploads\\\/2019\\\/09\\\/Architecturezone-ref-innenarchitektur-famr-700x466.jpg\"},{\"@type\":\"BreadcrumbList\",\"@id\":\"https:\\\/\\\/linear.archi\\\/fr\\\/projets\\\/architecture-dinterieur\\\/#breadcrumb\",\"itemListElement\":[{\"@type\":\"ListItem\",\"position\":1,\"name\":\"Startseite\",\"item\":\"https:\\\/\\\/linear.archi\\\/fr\\\/\"},{\"@type\":\"ListItem\",\"position\":2,\"name\":\"Projets\",\"item\":\"https:\\\/\\\/linear.archi\\\/fr\\\/projets\\\/\"},{\"@type\":\"ListItem\",\"position\":3,\"name\":\"Architecture d&#8217;int\u00e9rieur\"}]},{\"@type\":\"WebSite\",\"@id\":\"https:\\\/\\\/linear.archi\\\/fr\\\/#website\",\"url\":\"https:\\\/\\\/linear.archi\\\/fr\\\/\",\"name\":\"Linear Architekten\",\"description\":\"Belgien &amp; Luxemburg\",\"potentialAction\":[{\"@type\":\"SearchAction\",\"target\":{\"@type\":\"EntryPoint\",\"urlTemplate\":\"https:\\\/\\\/linear.archi\\\/fr\\\/?s={search_term_string}\"},\"query-input\":{\"@type\":\"PropertyValueSpecification\",\"valueRequired\":true,\"valueName\":\"search_term_string\"}}],\"inLanguage\":\"fr-FR\"}]}<\/script>\n<!-- \/ Yoast SEO plugin. -->","yoast_head_json":{"title":"Architecture d'int\u00e9rieur - Linear Architekten","description":"Architecture Zone, votre partenaire pour l'am\u00e9nagement int\u00e9rieur de vos maisons de A \u00e0 Z pour l'Est de la Belgique et le Luxembourg.","robots":{"index":"index","follow":"follow","max-snippet":"max-snippet:-1","max-image-preview":"max-image-preview:large","max-video-preview":"max-video-preview:-1"},"canonical":"https:\/\/linear.archi\/fr\/projets\/architecture-dinterieur\/","og_locale":"fr_FR","og_type":"article","og_title":"Architecture d'int\u00e9rieur - Linear Architekten","og_description":"Architecture Zone, votre partenaire pour l'am\u00e9nagement int\u00e9rieur de vos maisons de A \u00e0 Z pour l'Est de la Belgique et le Luxembourg.","og_url":"https:\/\/linear.archi\/fr\/projets\/architecture-dinterieur\/","og_site_name":"Linear Architekten","article_modified_time":"2024-09-12T08:53:41+00:00","og_image":[{"url":"https:\/\/linear.archi\/wp-content\/uploads\/2019\/09\/Architecturezone-ref-innenarchitektur-famr-700x466.jpg","type":"","width":"","height":""}],"twitter_card":"summary_large_image","twitter_misc":{"Dur\u00e9e de lecture estim\u00e9e":"2 minutes"},"schema":{"@context":"https:\/\/schema.org","@graph":[{"@type":"WebPage","@id":"https:\/\/linear.archi\/fr\/projets\/architecture-dinterieur\/","url":"https:\/\/linear.archi\/fr\/projets\/architecture-dinterieur\/","name":"Architecture d'int\u00e9rieur - Linear Architekten","isPartOf":{"@id":"https:\/\/linear.archi\/fr\/#website"},"primaryImageOfPage":{"@id":"https:\/\/linear.archi\/fr\/projets\/architecture-dinterieur\/#primaryimage"},"image":{"@id":"https:\/\/linear.archi\/fr\/projets\/architecture-dinterieur\/#primaryimage"},"thumbnailUrl":"https:\/\/linear.archi\/wp-content\/uploads\/2019\/09\/Architecturezone-ref-innenarchitektur-famr-700x466.jpg","datePublished":"2019-09-16T12:09:10+00:00","dateModified":"2024-09-12T08:53:41+00:00","description":"Architecture Zone, votre partenaire pour l'am\u00e9nagement int\u00e9rieur de vos maisons de A \u00e0 Z pour l'Est de la Belgique et le Luxembourg.","breadcrumb":{"@id":"https:\/\/linear.archi\/fr\/projets\/architecture-dinterieur\/#breadcrumb"},"inLanguage":"fr-FR","potentialAction":[{"@type":"ReadAction","target":["https:\/\/linear.archi\/fr\/projets\/architecture-dinterieur\/"]}]},{"@type":"ImageObject","inLanguage":"fr-FR","@id":"https:\/\/linear.archi\/fr\/projets\/architecture-dinterieur\/#primaryimage","url":"https:\/\/linear.archi\/wp-content\/uploads\/2019\/09\/Architecturezone-ref-innenarchitektur-famr-700x466.jpg","contentUrl":"https:\/\/linear.archi\/wp-content\/uploads\/2019\/09\/Architecturezone-ref-innenarchitektur-famr-700x466.jpg"},{"@type":"BreadcrumbList","@id":"https:\/\/linear.archi\/fr\/projets\/architecture-dinterieur\/#breadcrumb","itemListElement":[{"@type":"ListItem","position":1,"name":"Startseite","item":"https:\/\/linear.archi\/fr\/"},{"@type":"ListItem","position":2,"name":"Projets","item":"https:\/\/linear.archi\/fr\/projets\/"},{"@type":"ListItem","position":3,"name":"Architecture d&#8217;int\u00e9rieur"}]},{"@type":"WebSite","@id":"https:\/\/linear.archi\/fr\/#website","url":"https:\/\/linear.archi\/fr\/","name":"Linear Architekten","description":"Belgien &amp; Luxemburg","potentialAction":[{"@type":"SearchAction","target":{"@type":"EntryPoint","urlTemplate":"https:\/\/linear.archi\/fr\/?s={search_term_string}"},"query-input":{"@type":"PropertyValueSpecification","valueRequired":true,"valueName":"search_term_string"}}],"inLanguage":"fr-FR"}]}},"_links":{"self":[{"href":"https:\/\/linear.archi\/fr\/wp-json\/wp\/v2\/pages\/4044","targetHints":{"allow":["GET"]}}],"collection":[{"href":"https:\/\/linear.archi\/fr\/wp-json\/wp\/v2\/pages"}],"about":[{"href":"https:\/\/linear.archi\/fr\/wp-json\/wp\/v2\/types\/page"}],"author":[{"embeddable":true,"href":"https:\/\/linear.archi\/fr\/wp-json\/wp\/v2\/users\/1"}],"replies":[{"embeddable":true,"href":"https:\/\/linear.archi\/fr\/wp-json\/wp\/v2\/comments?post=4044"}],"version-history":[{"count":8,"href":"https:\/\/linear.archi\/fr\/wp-json\/wp\/v2\/pages\/4044\/revisions"}],"predecessor-version":[{"id":5822,"href":"https:\/\/linear.archi\/fr\/wp-json\/wp\/v2\/pages\/4044\/revisions\/5822"}],"up":[{"embeddable":true,"href":"https:\/\/linear.archi\/fr\/wp-json\/wp\/v2\/pages\/4026"}],"wp:attachment":[{"href":"https:\/\/linear.archi\/fr\/wp-json\/wp\/v2\/media?parent=4044"}],"curies":[{"name":"wp","href":"https:\/\/api.w.org\/{rel}","templated":true}]}}